{"id":18,"date":"2020-03-30T10:58:51","date_gmt":"2020-03-30T10:58:51","guid":{"rendered":"http:\/\/jung-ferien.de\/?page_id=18"},"modified":"2023-04-30T07:09:13","modified_gmt":"2023-04-30T06:09:13","slug":"das-konzept","status":"publish","type":"page","link":"http:\/\/jung-ferien.de\/?page_id=18","title":{"rendered":"das Konzept"},"content":{"rendered":"\n<p>Die Entstehung der Ferienwohnung wird durch das LEADER Programm gef\u00f6rdert, welches Teil des Ma\u00dfnahmen- und Entwicklungsplans (MEPL III) der Europ\u00e4ischen Union (EU) und des Landes Baden-W\u00fcrttemberg ist. Durch den Europ\u00e4ischen Landwirtschaftsfonds f\u00fcr die Entwicklung der L\u00e4ndlichen R\u00e4ume (ELER) wird die LEADER Aktionsgruppe Oberschwaben in den folgenden vier Handlungsfeldern unterst\u00fctzt:<\/p>\n\n\n\n<ol class=\"wp-block-list\">\n<li>Innenentwicklung: zukunftsf\u00e4hige Gestaltung der D\u00f6rfer<\/li>\n\n\n\n<li>Kultur- und Naturlandschaft: Grundlage f\u00fcr einen der Region angepassten Tourismus<\/li>\n\n\n\n<li>Energieregion: Wertsch\u00f6pfung durch Koordination des Vorgehens<\/li>\n\n\n\n<li>Alternative Mobilit\u00e4tskonzepte: Voraussetzung f\u00fcr gleichwertige Lebensverh\u00e4ltnisse<\/li>\n<\/ol>\n\n\n\n<div class=\"wp-block-columns is-layout-flex wp-container-core-columns-is-layout-9d6595d7 wp-block-columns-is-layout-flex\">\n<div class=\"wp-block-column is-layout-flow wp-block-column-is-layout-flow\">\n<div class=\"wp-block-columns is-layout-flex wp-container-core-columns-is-layout-9d6595d7 wp-block-columns-is-layout-flex\">\n<div class=\"wp-block-column is-layout-flow wp-block-column-is-layout-flow\">\n<figure class=\"wp-block-image size-large\"><img loading=\"lazy\" decoding=\"async\" width=\"200\" height=\"500\" src=\"http:\/\/jung-ferien.de\/wp-content\/uploads\/2020\/04\/1-4.jpg\" alt=\"\" class=\"wp-image-364\" srcset=\"http:\/\/jung-ferien.de\/wp-content\/uploads\/2020\/04\/1-4.jpg 200w, http:\/\/jung-ferien.de\/wp-content\/uploads\/2020\/04\/1-4-120x300.jpg 120w\" sizes=\"auto, (max-width: 200px) 100vw, 200px\" \/><\/figure>\n<\/div>\n\n\n\n<div class=\"wp-block-column is-layout-flow wp-block-column-is-layout-flow\">\n<figure class=\"wp-block-image size-large\"><img loading=\"lazy\" decoding=\"async\" width=\"200\" height=\"500\" src=\"http:\/\/jung-ferien.de\/wp-content\/uploads\/2020\/04\/1-1-2.jpg\" alt=\"\" class=\"wp-image-371\" srcset=\"http:\/\/jung-ferien.de\/wp-content\/uploads\/2020\/04\/1-1-2.jpg 200w, http:\/\/jung-ferien.de\/wp-content\/uploads\/2020\/04\/1-1-2-120x300.jpg 120w\" sizes=\"auto, (max-width: 200px) 100vw, 200px\" \/><\/figure>\n<\/div>\n<\/div>\n<\/div>\n\n\n\n<div class=\"wp-block-column is-layout-flow wp-block-column-is-layout-flow\">\n<div class=\"wp-block-columns is-layout-flex wp-container-core-columns-is-layout-9d6595d7 wp-block-columns-is-layout-flex\">\n<div class=\"wp-block-column is-layout-flow wp-block-column-is-layout-flow\">\n<figure class=\"wp-block-image size-large\"><img loading=\"lazy\" decoding=\"async\" width=\"200\" height=\"500\" src=\"http:\/\/jung-ferien.de\/wp-content\/uploads\/2020\/04\/1-3-1.jpg\" alt=\"\" class=\"wp-image-370\" srcset=\"http:\/\/jung-ferien.de\/wp-content\/uploads\/2020\/04\/1-3-1.jpg 200w, http:\/\/jung-ferien.de\/wp-content\/uploads\/2020\/04\/1-3-1-120x300.jpg 120w\" sizes=\"auto, (max-width: 200px) 100vw, 200px\" \/><\/figure>\n<\/div>\n\n\n\n<div class=\"wp-block-column is-layout-flow wp-block-column-is-layout-flow\">\n<figure class=\"wp-block-image size-large\"><img loading=\"lazy\" decoding=\"async\" width=\"200\" height=\"500\" src=\"http:\/\/jung-ferien.de\/wp-content\/uploads\/2020\/04\/1-2-1.jpg\" alt=\"\" class=\"wp-image-372\" srcset=\"http:\/\/jung-ferien.de\/wp-content\/uploads\/2020\/04\/1-2-1.jpg 200w, http:\/\/jung-ferien.de\/wp-content\/uploads\/2020\/04\/1-2-1-120x300.jpg 120w\" sizes=\"auto, (max-width: 200px) 100vw, 200px\" \/><\/figure>\n<\/div>\n<\/div>\n<\/div>\n<\/div>\n\n\n\n<p>Unser Ferienwohnungs-Projekt umfasst zahlreiche Ma\u00dfnahmen zur Umsetzung dieses Konzepts:<\/p>\n\n\n\n<ul class=\"wp-block-list\">\n<li>Eingliederung des Wohnungsbaus innerhalb eines ehemaligen landwirtschaftlichen \u00d6konomiegeb\u00e4udes mit \u00f6kologischer Holzst\u00e4nderbauweise <\/li>\n\n\n\n<li>Umbau eines ehemaligen G\u00fcllebeh\u00e4lters aus Beton in einen Schwimmteich<\/li>\n\n\n\n<li>Alle Bauma\u00dfnahmen werden durch regionale Unternehmen geplant und umgesetzt<\/li>\n\n\n\n<li>Energiekonzept:\n<ul class=\"wp-block-list\">\n<li>KfW 40 Niedrigenergiehaus<\/li>\n\n\n\n<li>Heizung: Luft-W\u00e4rmepumpe<\/li>\n\n\n\n<li>Solar- und Photovoltaik-Anlagen, auf D\u00e4chern der ehemaligen Stall- und Lagegeb\u00e4uden, sorgen in Zukunft f\u00fcr die Strom und Warmwasserversorgung des gesamten Objekts&nbsp;<\/li>\n\n\n\n<li>Regenwassernutzung von gro\u00dfen Dachfl\u00e4chen (ca. 800 qm) f\u00fcr Klosp\u00fclungen, Waschmaschinen<\/li>\n\n\n\n<li>Mobilit\u00e4tskonzept: E-Tankstelle \u00fcber Solarenergie f\u00fcr Autos (fertiggestellt September 2020), sowie f\u00fcr E-Bikes (mit Leihm\u00f6glichkeit, aktuell zwei Fahrr\u00e4der), um Ausflugsziele in der unmittelbaren und gro\u00dfr\u00e4umigen Region zu erreichen<\/li>\n\n\n\n<li>Regionaler Tourismus: Die Lage zwischen Alb und Bodensee und Nahe dem Donautal bietet eine Vielzahl von Ausflugszielen und Freizeitaktivit\u00e4ten, deren Tourismus durch dieses Projekt gef\u00f6rdert und beworben wird<\/li>\n<\/ul>\n<\/li>\n<\/ul>\n\n\n\n<div class=\"wp-block-group\"><div class=\"wp-block-group__inner-container is-layout-flow wp-block-group-is-layout-flow\">\n<p><img loading=\"lazy\" decoding=\"async\" width=\"150\" height=\"116\" class=\"wp-image-404\" style=\"width: 150px;\" alt=\"\" src=\"http:\/\/jung-ferien.de\/wp-content\/uploads\/2020\/04\/EU-Emblem-mit-Foerderspruch.jpg\" srcset=\"http:\/\/jung-ferien.de\/wp-content\/uploads\/2020\/04\/EU-Emblem-mit-Foerderspruch.jpg 600w, http:\/\/jung-ferien.de\/wp-content\/uploads\/2020\/04\/EU-Emblem-mit-Foerderspruch-300x232.jpg 300w\" sizes=\"auto, (max-width: 150px) 100vw, 150px\" \/> <img loading=\"lazy\" decoding=\"async\" width=\"150\" height=\"82\" class=\"wp-image-411\" style=\"width: 150px;\" alt=\"\" src=\"http:\/\/jung-ferien.de\/wp-content\/uploads\/2020\/04\/MLR-Logo-BW100.jpg\" srcset=\"http:\/\/jung-ferien.de\/wp-content\/uploads\/2020\/04\/MLR-Logo-BW100.jpg 1299w, http:\/\/jung-ferien.de\/wp-content\/uploads\/2020\/04\/MLR-Logo-BW100-300x164.jpg 300w, http:\/\/jung-ferien.de\/wp-content\/uploads\/2020\/04\/MLR-Logo-BW100-1024x559.jpg 1024w, http:\/\/jung-ferien.de\/wp-content\/uploads\/2020\/04\/MLR-Logo-BW100-768x419.jpg 768w\" sizes=\"auto, (max-width: 150px) 100vw, 150px\" \/><br>Mehr Informationen zum ELER erhalten Sie hier: <a href=\"https:\/\/ec.europa.eu\/info\/food-farming-fisheries\/key-policies\/common-agricultural-policy\/rural-development\" target=\"_blank\" rel=\"noreferrer noopener\">https:\/\/ec.europa.eu\/agriculture\/rural-development-2014-2020\/index_de.htm<\/a><\/p>\n<\/div><\/div>\n\n\n\n<div class=\"wp-block-group\"><div class=\"wp-block-group__inner-container is-layout-flow wp-block-group-is-layout-flow\"><\/div><\/div>\n\n\n\n<p><img loading=\"lazy\" decoding=\"async\" width=\"200\" height=\"63\" class=\"wp-image-422\" style=\"width: 200px;\" src=\"http:\/\/jung-ferien.de\/wp-content\/uploads\/2020\/04\/LeaderLogo_transparent-1.png\" alt=\"\" srcset=\"http:\/\/jung-ferien.de\/wp-content\/uploads\/2020\/04\/LeaderLogo_transparent-1.png 3380w, http:\/\/jung-ferien.de\/wp-content\/uploads\/2020\/04\/LeaderLogo_transparent-1-300x94.png 300w, http:\/\/jung-ferien.de\/wp-content\/uploads\/2020\/04\/LeaderLogo_transparent-1-1024x321.png 1024w, http:\/\/jung-ferien.de\/wp-content\/uploads\/2020\/04\/LeaderLogo_transparent-1-768x241.png 768w, http:\/\/jung-ferien.de\/wp-content\/uploads\/2020\/04\/LeaderLogo_transparent-1-1536x481.png 1536w, http:\/\/jung-ferien.de\/wp-content\/uploads\/2020\/04\/LeaderLogo_transparent-1-2048x642.png 2048w\" sizes=\"auto, (max-width: 200px) 100vw, 200px\" \/><br>Hier gelangen Sie zur Internetseite der LEADER Aktionsgruppe Oberschwaben: <a href=\"http:\/\/www.leader-oberschwaben.de\/startseite.html\" target=\"_blank\" rel=\"noreferrer noopener\">http:\/\/www.leader-oberschwaben.de<\/a><\/p>\n\n\n\n<p>und hier zur Vorstellung unseres Projektes: <a href=\"https:\/\/www.leader-oberschwaben.de\/projekte\/details\/440.html\">https:\/\/www.leader-oberschwaben.de\/projekte\/details\/440.html<\/a><\/p>\n\n\n\n<p>An dieser Stelle m\u00f6chten wir uns auch nochmal herzlichst f\u00fcr die Unterst\u00fctzung bedanken.<\/p>\n","protected":false},"excerpt":{"rendered":"<p>Die Entstehung der Ferienwohnung wird durch das LEADER Programm gef\u00f6rdert, welches Teil des Ma\u00dfnahmen- und Entwicklungsplans (MEPL III) der Europ\u00e4ischen Union (EU) und des Landes [&#8230;]<\/p>\n","protected":false},"author":1,"featured_media":0,"parent":0,"menu_order":20,"comment_status":"closed","ping_status":"closed","template":"","meta":{"_monsterinsights_skip_tracking":false,"_monsterinsights_sitenote_active":false,"_monsterinsights_sitenote_note":"","_monsterinsights_sitenote_category":0,"footnotes":""},"class_list":["post-18","page","type-page","status-publish","hentry"],"aioseo_notices":[],"_links":{"self":[{"href":"http:\/\/jung-ferien.de\/index.php?rest_route=\/wp\/v2\/pages\/18","targetHints":{"allow":["GET"]}}],"collection":[{"href":"http:\/\/jung-ferien.de\/index.php?rest_route=\/wp\/v2\/pages"}],"about":[{"href":"http:\/\/jung-ferien.de\/index.php?rest_route=\/wp\/v2\/types\/page"}],"author":[{"embeddable":true,"href":"http:\/\/jung-ferien.de\/index.php?rest_route=\/wp\/v2\/users\/1"}],"replies":[{"embeddable":true,"href":"http:\/\/jung-ferien.de\/index.php?rest_route=%2Fwp%2Fv2%2Fcomments&post=18"}],"version-history":[{"count":21,"href":"http:\/\/jung-ferien.de\/index.php?rest_route=\/wp\/v2\/pages\/18\/revisions"}],"predecessor-version":[{"id":670,"href":"http:\/\/jung-ferien.de\/index.php?rest_route=\/wp\/v2\/pages\/18\/revisions\/670"}],"wp:attachment":[{"href":"http:\/\/jung-ferien.de\/index.php?rest_route=%2Fwp%2Fv2%2Fmedia&parent=18"}],"curies":[{"name":"wp","href":"https:\/\/api.w.org\/{rel}","templated":true}]}}