{"id":99,"date":"2020-04-01T07:30:49","date_gmt":"2020-04-01T06:30:49","guid":{"rendered":"http:\/\/jung-ferien.de\/?page_id=99"},"modified":"2022-02-27T18:19:45","modified_gmt":"2022-02-27T17:19:45","slug":"ferienwohnung-donautal-1-og","status":"publish","type":"page","link":"http:\/\/jung-ferien.de\/?page_id=99","title":{"rendered":"Ferienwohnung &#8222;Donautal&#8220; \/\/ 1.OG"},"content":{"rendered":"\n<p> <\/p>\n\n\n\n<p>Die Wohnung bietet mit 100 m\u00b2 Platz f\u00fcr 4 Personen (mit Zustellbett f\u00fcr bis zu 5 Personen, inklusive Kinder und Babies). Sie ist mit 2 Schlafzimmern und einem ger\u00e4umigen, sonnigen Wohn- Essbereich ausgestattet. Die offene und moderne K\u00fcche bietet f\u00fcr Gemeinschaftsleben und Kochfreude zugleich jede Menge Entfaltungsraum. In der Wohnung befinden sich 2 B\u00e4der, die mit Dusche und WC ausgestattet sind.<\/p>\n\n\n\n<p>Von allen R\u00e4umen gelangt man auf den gro\u00dfen Balkon (45 m\u00b2), der nicht nur in der  Lounge Ecke zum verweilen einl\u00e4dt. Er ist au\u00dferdem mit einem gro\u00dfen Esstisch und Grill ausgestattet.  <\/p>\n\n\n\n<p>Die K\u00fcche bietet Euch, mit Blick auf das Schloss Werenwag im Donautal, einen <em>Vorgeschmack<\/em> auf den Naturpark Obere Donau. Sie ist mit Backofen, Herd, Sp\u00fclmaschine, K\u00fchlschrank , Toaster und Wasserkocher ausgestattet und verf\u00fcgt \u00fcber ausreichend Geschirr.<\/p>\n\n\n\n<p>SAT TV und WLAN sind w\u00e4hrend Eurem Aufenthalt im Preis enthalten, au\u00dferdem Haartrockner, Hand- und Badet\u00fccher sowie Bettw\u00e4sche.<\/p>\n\n\n\n<p>K\u00fcrzlich wurde ein weiteres Highlight unserer Unterk\u00fcnfte, der gro\u00dfe Schwimmteich, fertiggestellt. Hier k\u00f6nnt Ihr euch abk\u00fchlen, entspannen und planschen. <\/p>\n\n\n\n<p>Jetzt ist auch die neue Zirbenholz-Gro\u00dfraum-Infrarotkabine fertiggestellt, seid gespannt! &#8230;<\/p>\n","protected":false},"excerpt":{"rendered":"<p>Die Wohnung bietet mit 100 m\u00b2 Platz f\u00fcr 4 Personen (mit Zustellbett f\u00fcr bis zu 5 Personen, inklusive Kinder und Babies). Sie ist mit 2 [&#8230;]<\/p>\n","protected":false},"author":1,"featured_media":0,"parent":16,"menu_order":3,"comment_status":"closed","ping_status":"closed","template":"","meta":{"_monsterinsights_skip_tracking":false,"_monsterinsights_sitenote_active":false,"_monsterinsights_sitenote_note":"","_monsterinsights_sitenote_category":0,"footnotes":""},"class_list":["post-99","page","type-page","status-publish","hentry"],"aioseo_notices":[],"_links":{"self":[{"href":"http:\/\/jung-ferien.de\/index.php?rest_route=\/wp\/v2\/pages\/99","targetHints":{"allow":["GET"]}}],"collection":[{"href":"http:\/\/jung-ferien.de\/index.php?rest_route=\/wp\/v2\/pages"}],"about":[{"href":"http:\/\/jung-ferien.de\/index.php?rest_route=\/wp\/v2\/types\/page"}],"author":[{"embeddable":true,"href":"http:\/\/jung-ferien.de\/index.php?rest_route=\/wp\/v2\/users\/1"}],"replies":[{"embeddable":true,"href":"http:\/\/jung-ferien.de\/index.php?rest_route=%2Fwp%2Fv2%2Fcomments&post=99"}],"version-history":[{"count":17,"href":"http:\/\/jung-ferien.de\/index.php?rest_route=\/wp\/v2\/pages\/99\/revisions"}],"predecessor-version":[{"id":593,"href":"http:\/\/jung-ferien.de\/index.php?rest_route=\/wp\/v2\/pages\/99\/revisions\/593"}],"up":[{"embeddable":true,"href":"http:\/\/jung-ferien.de\/index.php?rest_route=\/wp\/v2\/pages\/16"}],"wp:attachment":[{"href":"http:\/\/jung-ferien.de\/index.php?rest_route=%2Fwp%2Fv2%2Fmedia&parent=99"}],"curies":[{"name":"wp","href":"https:\/\/api.w.org\/{rel}","templated":true}]}}